{"id":2132,"date":"2024-06-27T19:56:30","date_gmt":"2024-06-27T16:56:30","guid":{"rendered":"https:\/\/www.casaluxemburg.ro\/datenschutzrichtlinie\/"},"modified":"2024-08-28T23:11:21","modified_gmt":"2024-08-28T20:11:21","slug":"datenschutzrichtlinie","status":"publish","type":"page","link":"https:\/\/www.casaluxemburg.ro\/de\/datenschutzrichtlinie\/","title":{"rendered":"Datenschutzrichtlinie"},"content":{"rendered":"<div class=\"fusion-fullwidth fullwidth-box fusion-builder-row-1 fusion-flex-container has-pattern-background has-mask-background nonhundred-percent-fullwidth non-hundred-percent-height-scrolling\" style=\"--awb-border-radius-top-left:0px;--awb-border-radius-top-right:0px;--awb-border-radius-bottom-right:0px;--awb-border-radius-bottom-left:0px;--awb-background-color:var(--awb-custom_color_2);--awb-flex-wrap:wrap;\" ><div class=\"fusion-builder-row fusion-row fusion-flex-align-items-flex-start fusion-flex-content-wrap\" style=\"max-width:1248px;margin-left: calc(-4% \/ 2 );margin-right: calc(-4% \/ 2 );\"><div class=\"fusion-layout-column fusion_builder_column fusion-builder-column-0 fusion_builder_column_1_1 1_1 fusion-flex-column\" style=\"--awb-bg-size:cover;--awb-width-large:100%;--awb-margin-top-large:0px;--awb-spacing-right-large:1.92%;--awb-margin-bottom-large:0px;--awb-spacing-left-large:1.92%;--awb-width-medium:100%;--awb-spacing-right-medium:1.92%;--awb-spacing-left-medium:1.92%;--awb-width-small:100%;--awb-spacing-right-small:1.92%;--awb-spacing-left-small:1.92%;\"><div class=\"fusion-column-wrapper fusion-flex-justify-content-flex-start fusion-content-layout-column\"><div class=\"fusion-text fusion-text-1 sm-text-align-center\"><h3 class=\"wp-block-heading\">DATENSCHUTZRICHTLINIE UND SCHUTZ PERSONENBEZOGENER DATEN<\/h3>\n<p>Um seine T\u00e4tigkeiten auszuf\u00fchren, verarbeitet Kultours SRL, als Datenverantwortlicher, personenbezogene Daten bestimmter Kategorien von Personen. Diese k\u00f6nnen personenbezogene Daten der Benutzer dieser Website, der Benutzer, die mit von Kultours SRL auf sozialen Netzwerken erstellten Seiten interagieren, unserer Kunden, unserer Partner\/potenziellen Vertragspartner oder deren Mitarbeiter, Vertreter oder Mitarbeiter umfassen, deren Daten uns zur Verarbeitung zur Verf\u00fcgung gestellt werden, Mitarbeiter von Kultours SRL oder Kandidaten, die Positionen innerhalb von Kultours SRL anstreben.<\/p>\n<p>Gem\u00e4\u00df der Verordnung Nr. 679 vom 27. April 2016 zum Schutz nat\u00fcrlicher Personen bei der Verarbeitung personenbezogener Daten und zum freien Datenverkehr sowie zur Aufhebung der Richtlinie 95\/46\/EG (\u201eDSGVO\u201c) sind personenbezogene Daten alle Informationen, die sich auf eine identifizierte oder identifizierbare nat\u00fcrliche Person (\u201ebetroffene Person\u201c) beziehen. Eine identifizierbare nat\u00fcrliche Person ist eine Person, die direkt oder indirekt, insbesondere durch Bezugnahme auf ein Identifikationsmerkmal, identifiziert werden kann.<\/p>\n<h3 class=\"wp-block-heading\">1. ZWECKE, RECHTSGRUNDLAGEN UND KATEGORIEN PERSONENBEZOGENER DATEN<\/h3>\n<p>Die von Kultours SRL verarbeiteten Daten k\u00f6nnen zu Zwecken wie:<\/p>\n<p>1.1 Verwaltung und Wartung dieser Website, die auch die Verwendung von Cookies beinhaltet, um schnelle und einfache Interaktionen zwischen Benutzern und der Website zu gew\u00e4hrleisten (Rechtsgrundlage: Art. 6 Abs. (1) lit. a) und f) der DSGVO, bzw. Ihre Zustimmung und das berechtigte Interesse von Kultours SRL, je nach Fall). Weitere Details zur Verwendung von Cookies durch Kultours SRL finden Sie in unserer Cookie-Richtlinie.<\/p>\n<p>1.2 Registrierung und Ausf\u00fchrung Ihrer Buchungsanfrage und der Erbringung von Tourismus- und Gastronomiedienstleistungen (Rechtsgrundlage: Art. 6 Abs. (1) lit. b) und c) der DSGVO, bzw. die Ausf\u00fchrung eines Vertrags oder die Durchf\u00fchrung notwendiger Schritte auf Anfrage der betroffenen Person vor Abschluss eines Vertrags oder die Erf\u00fcllung bestimmter gesetzlicher Verpflichtungen von Kultours SRL, je nach Fall). Wenn Sie sich entscheiden, \u00fcber die Website zu buchen, verarbeitet Kultours SRL die folgenden Kategorien von Daten: Name, Vorname, Geschlecht, E-Mail-Adresse, Telefonnummer, Wohnsitzland, Ankunftsdatum, Abreisedatum, Bankkonto-Informationen, Informationen \u00fcber minderj\u00e4hrige Begleiter (Altersgruppe), und optional, Name, Vorname und Alter des erwachsenen Begleiters. Im Rahmen der Verwaltung Ihrer Buchung kann Kultours SRL auch die folgenden Kategorien von Daten verarbeiten: Daten \u00fcber Ihre Begleiter zur Bestimmung der Zimmerbelegung, Details zu Ihrer Korrespondenz, Anfragen, Beschwerden und andere Daten oder Informationen, die mit Ihrer Interaktion mit uns in Verbindung stehen. F\u00fcr das Ausf\u00fcllen des Ankunfts- und Abreiseformulars (gem\u00e4\u00df Beschluss 237\/2001 zur Genehmigung der Vorschriften \u00fcber den Zugang, die Registrierung und den Schutz von Touristen in Unterk\u00fcnften) wird Kultours SRL die folgenden Kategorien von Daten verarbeiten: Name und Vorname, Geburtsdatum, Geburtsort, Staatsangeh\u00f6rigkeit, Wohnort (Ort, Stra\u00dfe, Nummer, Land), Ankunftsdatum, Abreisedatum, Zweck der Reise, Seriennummer des Ausweisdokuments, Unterschrift, optional E-Mail-Adresse.<\/p>\n<p>1.3 Vermietung von R\u00e4umen, Organisation von privaten oder Unternehmensveranstaltungen (Rechtsgrundlage: Art. 6 Abs. (1) lit. b) der DSGVO, bzw. die Ausf\u00fchrung eines Vertrags oder die Durchf\u00fchrung notwendiger Schritte auf Anfrage der betroffenen Person vor Abschluss des Vertrags).<\/p>\n<p>1.4 Durchf\u00fchrung von Personalrekrutierungsma\u00dfnahmen f\u00fcr Zwecke wie: Bewertung der Bewerbung, der F\u00e4higkeiten, Qualifikationen und Interessen an der verf\u00fcgbaren Position, f\u00fcr die Sie sich beworben und kontaktiert wurden, Organisation und Durchf\u00fchrung von Vorstellungsgespr\u00e4chen, Auswahl und Rekrutierung, Erleichterung des Zugangs zu Arbeitsmedizinischen Diensten und Durchf\u00fchrung allgemeiner \u00dcberpr\u00fcfungen (Rechtsgrundlage: Art. 6 Abs. (1) lit. b) und f) der DSGVO, bzw. die Durchf\u00fchrung vorvertraglicher Ma\u00dfnahmen, der Abschluss und die Ausf\u00fchrung des Arbeitsvertrags mit Ihnen oder die Erf\u00fcllung unserer berechtigten Interessen, je nach Fall). Im Rahmen Ihrer Bewerbung ist es notwendig, die Daten zu verarbeiten, die in der von Ihnen \u00fcbermittelten Bewerbung enthalten sind. Diese Daten umfassen in der Regel Ihren Namen, Vornamen, Kontaktdaten (Telefonnummer, E-Mail-Adresse), berufliche Erfahrung, Ausbildung und alle anderen Informationen, die Sie in Ihren Lebenslauf aufnehmen oder in anderen Dokumenten, die wir von Ihnen anfordern k\u00f6nnten. Zus\u00e4tzlich werden wir w\u00e4hrend des Interviews mit Ihnen personenbezogene Daten verarbeiten, wie Ihre beruflichen Pr\u00e4ferenzen, Details zu Ihrer Erfahrung und Ausbildung, die nicht im \u00fcbermittelten Lebenslauf enthalten sind, und Ihre Gehaltserwartungen. Im Rahmen des Einstellungsprozesses k\u00f6nnen wir zus\u00e4tzliche Dokumente anfordern (wie Zeugnisse, Diplome, Lizenzen, Genehmigungen, berufliche Qualifikationen usw.), die ebenfalls personenbezogene Daten enthalten. Zum Zweck der Bewertung Ihrer Bewerbung, zus\u00e4tzlich zu den bereits bereitgestellten Informationen, k\u00f6nnen wir auf Ihre \u00f6ffentlich zug\u00e4nglichen sozialen Medienprofile zugreifen (wie LinkedIn). Da Ihre private Lebensf\u00fchrung nicht unser Anliegen ist, werden wir keine Profile oder Informationen von Profilen konsultieren oder ber\u00fccksichtigen, die eindeutig dazu bestimmt sind, privat zu bleiben und keinen beruflichen Bezug haben.<\/p>\n<p>1.5 Durchf\u00fchrung von Arbeitsbeziehungen, zur Ausf\u00fchrung von Arbeitsvertr\u00e4gen, zur Erf\u00fcllung gesetzlicher Verpflichtungen und\/oder zur Erf\u00fcllung eines berechtigten Interesses (Rechtsgrundlage: Art. 6 Abs. (1) lit. b), c) und f) der DSGVO, je nach Fall). In bestimmten besonderen Situationen verarbeitet Kultours SRL die Daten seiner Mitarbeiter auf der Grundlage ihrer Einwilligung (Rechtsgrundlage: Art. 6 Abs. (1) lit. a) der DSGVO). Die Art und Weise, wie Kultours SRL die personenbezogenen Daten seiner Mitarbeiter verarbeitet, ist in der den Mitarbeitern zur Verf\u00fcgung gestellten Informationsnotiz detailliert.<\/p>\n<p>1.6 Organisation und Durchf\u00fchrung von Werbekampagnen durch Kultours SRL und Marketing- und Promotionsaktivit\u00e4ten (wie das Versenden von Newslettern, Werbematerialien, kommerziellen Angeboten, Marketingkommunikationen), Einholen Ihrer Meinung zu den von uns angebotenen Dienstleistungen (durch Kundenzufriedenheitsumfragen), sowie Durchf\u00fchrung von Markt-, Produkt- und Dienstleistungsanalysen (Rechtsgrundlage: Art. 6 Abs. (1) lit. a) und f) der DSGVO, bzw. Ihre Einwilligung und die berechtigten Interessen von Kultours SRL, je nach Fall, einschlie\u00dflich auf der Grundlage des Gesetzes Nr. 506\/2004 \u00fcber die Verarbeitung personenbezogener Daten und den Schutz der Privatsph\u00e4re im Bereich der elektronischen Kommunikation). Durch die Durchf\u00fchrung von Direktmarketing-Aktivit\u00e4ten k\u00f6nnen wir Sie \u00fcber unsere Dienstleistungen und Kampagnen auf dem Laufenden halten, in \u00dcbereinstimmung mit den geltenden gesetzlichen Bestimmungen. Sie k\u00f6nnen sich jederzeit und kostenlos vom Newsletter-Dienst abmelden, indem Sie die Option \u201eAbbestellen\u201c im Newsletter ausw\u00e4hlen.<\/p>\n<p>1.7 Gew\u00e4hrleistung der Sicherheit von G\u00fctern, Personen und R\u00e4umen durch Video\u00fcberwachung (Rechtsgrundlage: Art. 6 Abs. (1) lit. c) und f) der DSGVO, bzw. Erf\u00fcllung einer gesetzlichen Verpflichtung und das berechtigte Interesse von Kultours SRL). Zu diesem Zweck verarbeitet Kultours SRL Ihre personenbezogenen Daten, einschlie\u00dflich Ihres durch Video\u00fcberwachung erfassten Bildes, Ihres Namens und Vornamens sowie des amtlichen Kennzeichens des Fahrzeugs, falls zutreffend.<\/p>\n<p>1.8 Kommunikation mit unseren Mitarbeitern und Vertragspartnern (Rechtsgrundlage: Art. 6 Abs. (1) lit. b) und f) der DSGVO, bzw. der Abschluss und die Ausf\u00fchrung des Vertrags oder das berechtigte Interesse von Kultours SRL, je nach Fall). Zu diesem Zweck verarbeitet Kultours SRL Ihren Namen, Vornamen, Ihre Position und\/oder Funktion und die Organisation, die Sie vertreten, Ihre handschriftliche oder elektronische Unterschrift und die Daten aus Ihrem Identit\u00e4tsdokument. Wenn ein Vertragspartner von Kultours SRL die personenbezogenen Daten der benannten Kontaktpersonen, gesetzlichen oder vertraglichen Vertreter, Mitarbeiter, Angestellten und\/oder anderer nat\u00fcrlicher Personen an Kultours SRL f\u00fcr oder im Zusammenhang mit dem Abschluss und\/oder der Ausf\u00fchrung eines Vertrags \u00fcbermittelt, wobei Kultours SRL keine praktische M\u00f6glichkeit hat, diese Kategorien von Personen direkt zu informieren, ist der Vertragspartner von Kultours SRL verpflichtet, diese Personen \u00fcber die Verarbeitung ihrer personenbezogenen Daten durch Kultours SRL zu informieren. Der Vertragspartner von Kultours SRL wird Ma\u00dfnahmen ergreifen, um sicherzustellen, dass diese Offenlegung gem\u00e4\u00df allen anwendbaren Anforderungen erfolgt, einschlie\u00dflich der Information und Einholung der Zustimmung der betroffenen Personen, falls erforderlich, sodass Kultours SRL die personenbezogenen Daten f\u00fcr die im Vertrag vorgesehenen Zwecke verarbeiten kann, ohne weitere Formalit\u00e4ten zu erf\u00fcllen.<\/p>\n<p>1.9 Bearbeitung Ihrer Anfragen, Fragen oder Beschwerden (Rechtsgrundlage: Art. 6 Abs. (1) lit. b) und f) der DSGVO, bzw. die Ausf\u00fchrung eines Vertrags oder die Durchf\u00fchrung notwendiger Schritte auf Anfrage der betroffenen Person vor Abschluss des Vertrags und das berechtigte Interesse von Kultours SRL, je nach Fall). Zu diesem Zweck verarbeitet Kultours SRL Ihren Namen, Vornamen, Kontaktdaten und die von Ihnen \u00fcbermittelten Meinungen.<\/p>\n<h3 class=\"wp-block-heading\">2. WIE ERHALTEN WIR DATEN?<\/h3>\n<p>Kultours SRL kann Daten erhalten:<\/p>\n<ul>\n<li>Directly from you, for example, when you use Kultours SRL services, when you contact us through various channels or request offers or information about Kultours SRL services, when you visit our website or social media pages, or when you apply for available positions within Kultours SRL;<\/li>\n<\/ul>\n<ul>\n<li>From other sources, for example, from travel agencies, booking sites (e.g., Booking.com), from public authorities (for example, in case of court requests or judicial investigations).<\/li>\n<\/ul>\n<h3 class=\"wp-block-heading\">3. EMPF\u00c4NGER IHRER PERSONENBEZOGENEN DATEN. DATEN\u00dcBERTRAGUNG<\/h3>\n<p>Personenbezogene Daten k\u00f6nnen von Kultours SRL an die folgenden Kategorien von Empf\u00e4ngern weitergegeben werden:<\/p>\n<ul>\n<li>An Sie, wenn Sie Ihre Rechte gem\u00e4\u00df der DSGVO aus\u00fcben;<\/li>\n<li>An die Vertragspartner von Kultours SRL (wie Kurierunternehmen, Lieferanten, Mitarbeiter, Subunternehmer, Berater und technische Experten usw.) zum Abschluss und zur Ausf\u00fchrung von Vertr\u00e4gen;<\/li>\n<li>An \u00f6ffentliche Beh\u00f6rden und Institutionen, basierend auf unseren gesetzlichen Verpflichtungen gem\u00e4\u00df den geltenden Gesetzen;<\/li>\n<li>An die externen Pr\u00fcfer von Kultours SRL zur Erf\u00fcllung der Pr\u00fcfungsverpflichtungen;<\/li>\n<li>An Rechtsanw\u00e4lte, Steuer-\/Gesch\u00e4ftsberater, um uns im Falle eines Rechtsstreits zu vertreten oder f\u00fcr Beratung;<\/li>\n<li>An Gerichtsvollzieher f\u00fcr vertragliche Mitteilungen oder zur Durchf\u00fchrung von Vertr\u00e4gen oder etwaigen Gerichtsurteilen;<\/li>\n<li>An Inkassounternehmen;<\/li>\n<li>Falls Kultours SRL einem Verkaufs- oder Reorganisationsprozess unterzogen wird, werden wir Ihre Daten an das erwerbende Unternehmen und\/oder dessen Berater oder an die durch den Reorganisationsprozess entstandene Einheit \u00fcbermitteln. Zur Erreichung einiger der oben genannten Zwecke ist es m\u00f6glich, dass bestimmte Kategorien personenbezogener Daten au\u00dferhalb Rum\u00e4niens \u00fcbertragen werden. Die Daten k\u00f6nnen in Staaten innerhalb des Europ\u00e4ischen Wirtschaftsraums (\u201eEWR\u201c) sowie au\u00dferhalb des EWR \u00fcbertragen werden. F\u00fcr \u00dcbertragungen au\u00dferhalb des EWR wird das Unternehmen seine \u00dcbertragung in \u00dcbereinstimmung mit den Anforderungen der DSGVO und auf der Grundlage der von der Europ\u00e4ischen Kommission angenommenen Standarddatenschutzklauseln st\u00fctzen, um das notwendige Ma\u00df an Sicherheit und Vertraulichkeit oder andere gesetzlich anerkannte Garantien zu gew\u00e4hrleisten.<\/li>\n<\/ul>\n<h3 class=\"wp-block-heading\">4. DAUER DER VERARBEITUNG PERSONENBEZOGENER DATEN<\/h3>\n<p>Kultours SRL verarbeitet Ihre personenbezogenen Daten f\u00fcr die gesamte Dauer, die erforderlich ist, um die Zwecke der Verarbeitung, f\u00fcr die sie gesammelt wurden, zu erf\u00fcllen, sowie danach, falls erforderlich, um die gesetzlichen Anforderungen in unserem T\u00e4tigkeitsbereich zu erf\u00fcllen. Im Falle von Lebensl\u00e4ufen, die Sie uns senden, werden diese f\u00fcr eine Dauer von 2 Jahren nach Abschluss des Rekrutierungsprozesses aufbewahrt, jedoch nur, wenn Sie Ihre Einwilligung dazu gegeben haben. Es ist m\u00f6glich, dass Kultours SRL nach Ablauf der gesetzlichen Aufbewahrungsfristen die Daten anonymisiert, wodurch sie ihren personenbezogenen Charakter verlieren.<\/p>\n<h3 class=\"wp-block-heading\">5. IHRE RECHTE<\/h3>\n<p>Im Zusammenhang mit der Verarbeitung personenbezogener Daten haben Sie die folgenden Rechte: das Recht auf Information, das Recht auf Zugang zu Daten, das Recht auf Berichtigung von Daten, das Recht auf L\u00f6schung von Daten, das Recht auf Einschr\u00e4nkung von Daten, das Recht auf Daten\u00fcbertragbarkeit, das Recht auf Widerspruch, das Recht, nicht einer automatisierten Entscheidungsfindung unterworfen zu werden, das Recht, sich an die Nationale Aufsichtsbeh\u00f6rde f\u00fcr die Verarbeitung personenbezogener Daten (gem\u00e4\u00df den Informationen auf www.dataprotection.ro) oder an die zust\u00e4ndigen Gerichte zu wenden. Zur Aus\u00fcbung dieser Rechte k\u00f6nnen Sie eine Anfrage an Kultours SRL richten, zu H\u00e4nden des Datenschutzbeauftragten, an die E-Mail-Adresse: office@casaluxemburg.ro oder per Post\/Kurier an die oben genannte Adresse von Kultours SRL. Diese Richtlinie wird regelm\u00e4\u00dfig aktualisiert; jedes Mal, wenn wir eine \u00c4nderung vornehmen, wird sie auf unserer Website www.casaluxemburg.ro angezeigt.<\/p>\n<\/div><\/div><\/div><\/div><\/div>","protected":false},"excerpt":{"rendered":"","protected":false},"author":1,"featured_media":0,"parent":0,"menu_order":0,"comment_status":"closed","ping_status":"open","template":"","meta":{"footnotes":""},"class_list":["post-2132","page","type-page","status-publish","hentry"],"yoast_head":"<!-- This site is optimized with the Yoast SEO plugin v27.3 - https:\/\/yoast.com\/product\/yoast-seo-wordpress\/ -->\n<title>Datenschutzrichtlinie - Casa Luxemburg<\/title>\n<meta name=\"description\" content=\"In der Casa Luxemburg k\u00f6nnen Sie in einem gro\u00dfen und ger\u00e4umigen Zimmer mit herrlichem Panoramablick auf das Stadtzentrum von Sibiu wunderbar \u00fcbernachten.\" \/>\n<meta name=\"robots\" content=\"index, follow, max-snippet:-1, max-image-preview:large, max-video-preview:-1\" \/>\n<link rel=\"canonical\" href=\"https:\/\/www.casaluxemburg.ro\/de\/datenschutzrichtlinie\/\" \/>\n<meta property=\"og:locale\" content=\"de_DE\" \/>\n<meta property=\"og:type\" content=\"article\" \/>\n<meta property=\"og:title\" content=\"Datenschutzrichtlinie - Casa Luxemburg\" \/>\n<meta property=\"og:description\" content=\"Jedes Zimmer hat seinen eigenen Stil und Sie k\u00f6nnen sich f\u00fcr eines der Zimmer entscheiden, um den malerischen Blick auf die L\u00fcgenbr\u00fccke, die evangelische Kathedrale oder den Ratsturm zu genie\u00dfen.\" \/>\n<meta property=\"og:url\" content=\"https:\/\/www.casaluxemburg.ro\/de\/datenschutzrichtlinie\/\" \/>\n<meta property=\"og:site_name\" content=\"Casa Luxemburg\" \/>\n<meta property=\"article:publisher\" content=\"https:\/\/www.facebook.com\/casaluxemburgsibiu\" \/>\n<meta property=\"article:modified_time\" content=\"2024-08-28T20:11:21+00:00\" \/>\n<meta property=\"og:image\" content=\"https:\/\/www.casaluxemburg.ro\/wp-content\/uploads\/2024\/07\/apartament-centru-sibiu-5-1024x683.jpg\" \/>\n<meta name=\"twitter:card\" content=\"summary_large_image\" \/>\n<meta name=\"twitter:title\" content=\"Datenschutzrichtlinie - Casa Luxemburg\" \/>\n<meta name=\"twitter:description\" content=\"Jedes Zimmer hat seinen eigenen Stil und Sie k\u00f6nnen sich f\u00fcr eines der Zimmer entscheiden, um den malerischen Blick auf die L\u00fcgenbr\u00fccke, die evangelische Kathedrale oder den Ratsturm zu genie\u00dfen.\" \/>\n<meta name=\"twitter:image\" content=\"https:\/\/www.casaluxemburg.ro\/wp-content\/uploads\/2024\/07\/apartament-centru-sibiu-5-1024x683.jpg\" \/>\n<meta name=\"twitter:label1\" content=\"Gesch\u00e4tzte Lesezeit\" \/>\n\t<meta name=\"twitter:data1\" content=\"8\u00a0Minuten\" \/>\n<script type=\"application\/ld+json\" class=\"yoast-schema-graph\">{\"@context\":\"https:\\\/\\\/schema.org\",\"@graph\":[{\"@type\":\"WebPage\",\"@id\":\"https:\\\/\\\/www.casaluxemburg.ro\\\/de\\\/datenschutzrichtlinie\\\/\",\"url\":\"https:\\\/\\\/www.casaluxemburg.ro\\\/de\\\/datenschutzrichtlinie\\\/\",\"name\":\"Datenschutzrichtlinie - Casa Luxemburg\",\"isPartOf\":{\"@id\":\"https:\\\/\\\/www.casaluxemburg.ro\\\/de\\\/#website\"},\"datePublished\":\"2024-06-27T16:56:30+00:00\",\"dateModified\":\"2024-08-28T20:11:21+00:00\",\"description\":\"In der Casa Luxemburg k\u00f6nnen Sie in einem gro\u00dfen und ger\u00e4umigen Zimmer mit herrlichem Panoramablick auf das Stadtzentrum von Sibiu wunderbar \u00fcbernachten.\",\"breadcrumb\":{\"@id\":\"https:\\\/\\\/www.casaluxemburg.ro\\\/de\\\/datenschutzrichtlinie\\\/#breadcrumb\"},\"inLanguage\":\"de\",\"potentialAction\":[{\"@type\":\"ReadAction\",\"target\":[\"https:\\\/\\\/www.casaluxemburg.ro\\\/de\\\/datenschutzrichtlinie\\\/\"]}]},{\"@type\":\"BreadcrumbList\",\"@id\":\"https:\\\/\\\/www.casaluxemburg.ro\\\/de\\\/datenschutzrichtlinie\\\/#breadcrumb\",\"itemListElement\":[{\"@type\":\"ListItem\",\"position\":1,\"name\":\"Prima pagin\u0103\",\"item\":\"https:\\\/\\\/www.casaluxemburg.ro\\\/de\\\/\"},{\"@type\":\"ListItem\",\"position\":2,\"name\":\"Datenschutzrichtlinie\"}]},{\"@type\":\"WebSite\",\"@id\":\"https:\\\/\\\/www.casaluxemburg.ro\\\/de\\\/#website\",\"url\":\"https:\\\/\\\/www.casaluxemburg.ro\\\/de\\\/\",\"name\":\"Casa Luxemburg\",\"description\":\"Hotel Sibiu\",\"publisher\":{\"@id\":\"https:\\\/\\\/www.casaluxemburg.ro\\\/de\\\/#organization\"},\"potentialAction\":[{\"@type\":\"SearchAction\",\"target\":{\"@type\":\"EntryPoint\",\"urlTemplate\":\"https:\\\/\\\/www.casaluxemburg.ro\\\/de\\\/?s={search_term_string}\"},\"query-input\":{\"@type\":\"PropertyValueSpecification\",\"valueRequired\":true,\"valueName\":\"search_term_string\"}}],\"inLanguage\":\"de\"},{\"@type\":\"Organization\",\"@id\":\"https:\\\/\\\/www.casaluxemburg.ro\\\/de\\\/#organization\",\"name\":\"Casa Luxemburg\",\"url\":\"https:\\\/\\\/www.casaluxemburg.ro\\\/de\\\/\",\"logo\":{\"@type\":\"ImageObject\",\"inLanguage\":\"de\",\"@id\":\"https:\\\/\\\/www.casaluxemburg.ro\\\/de\\\/#\\\/schema\\\/logo\\\/image\\\/\",\"url\":\"https:\\\/\\\/www.casaluxemburg.ro\\\/wp-content\\\/uploads\\\/2022\\\/12\\\/casa-luxemburg-logo.png\",\"contentUrl\":\"https:\\\/\\\/www.casaluxemburg.ro\\\/wp-content\\\/uploads\\\/2022\\\/12\\\/casa-luxemburg-logo.png\",\"width\":1579,\"height\":682,\"caption\":\"Casa Luxemburg\"},\"image\":{\"@id\":\"https:\\\/\\\/www.casaluxemburg.ro\\\/de\\\/#\\\/schema\\\/logo\\\/image\\\/\"},\"sameAs\":[\"https:\\\/\\\/www.facebook.com\\\/casaluxemburgsibiu\",\"https:\\\/\\\/www.instagram.com\\\/casaluxemburghotel\\\/\"]}]}<\/script>\n<!-- \/ Yoast SEO plugin. -->","yoast_head_json":{"title":"Datenschutzrichtlinie - Casa Luxemburg","description":"In der Casa Luxemburg k\u00f6nnen Sie in einem gro\u00dfen und ger\u00e4umigen Zimmer mit herrlichem Panoramablick auf das Stadtzentrum von Sibiu wunderbar \u00fcbernachten.","robots":{"index":"index","follow":"follow","max-snippet":"max-snippet:-1","max-image-preview":"max-image-preview:large","max-video-preview":"max-video-preview:-1"},"canonical":"https:\/\/www.casaluxemburg.ro\/de\/datenschutzrichtlinie\/","og_locale":"de_DE","og_type":"article","og_title":"Datenschutzrichtlinie - Casa Luxemburg","og_description":"Jedes Zimmer hat seinen eigenen Stil und Sie k\u00f6nnen sich f\u00fcr eines der Zimmer entscheiden, um den malerischen Blick auf die L\u00fcgenbr\u00fccke, die evangelische Kathedrale oder den Ratsturm zu genie\u00dfen.","og_url":"https:\/\/www.casaluxemburg.ro\/de\/datenschutzrichtlinie\/","og_site_name":"Casa Luxemburg","article_publisher":"https:\/\/www.facebook.com\/casaluxemburgsibiu","article_modified_time":"2024-08-28T20:11:21+00:00","og_image":[{"url":"https:\/\/www.casaluxemburg.ro\/wp-content\/uploads\/2024\/07\/apartament-centru-sibiu-5-1024x683.jpg","type":"","width":"","height":""}],"twitter_card":"summary_large_image","twitter_title":"Datenschutzrichtlinie - Casa Luxemburg","twitter_description":"Jedes Zimmer hat seinen eigenen Stil und Sie k\u00f6nnen sich f\u00fcr eines der Zimmer entscheiden, um den malerischen Blick auf die L\u00fcgenbr\u00fccke, die evangelische Kathedrale oder den Ratsturm zu genie\u00dfen.","twitter_image":"https:\/\/www.casaluxemburg.ro\/wp-content\/uploads\/2024\/07\/apartament-centru-sibiu-5-1024x683.jpg","twitter_misc":{"Gesch\u00e4tzte Lesezeit":"8\u00a0Minuten"},"schema":{"@context":"https:\/\/schema.org","@graph":[{"@type":"WebPage","@id":"https:\/\/www.casaluxemburg.ro\/de\/datenschutzrichtlinie\/","url":"https:\/\/www.casaluxemburg.ro\/de\/datenschutzrichtlinie\/","name":"Datenschutzrichtlinie - Casa Luxemburg","isPartOf":{"@id":"https:\/\/www.casaluxemburg.ro\/de\/#website"},"datePublished":"2024-06-27T16:56:30+00:00","dateModified":"2024-08-28T20:11:21+00:00","description":"In der Casa Luxemburg k\u00f6nnen Sie in einem gro\u00dfen und ger\u00e4umigen Zimmer mit herrlichem Panoramablick auf das Stadtzentrum von Sibiu wunderbar \u00fcbernachten.","breadcrumb":{"@id":"https:\/\/www.casaluxemburg.ro\/de\/datenschutzrichtlinie\/#breadcrumb"},"inLanguage":"de","potentialAction":[{"@type":"ReadAction","target":["https:\/\/www.casaluxemburg.ro\/de\/datenschutzrichtlinie\/"]}]},{"@type":"BreadcrumbList","@id":"https:\/\/www.casaluxemburg.ro\/de\/datenschutzrichtlinie\/#breadcrumb","itemListElement":[{"@type":"ListItem","position":1,"name":"Prima pagin\u0103","item":"https:\/\/www.casaluxemburg.ro\/de\/"},{"@type":"ListItem","position":2,"name":"Datenschutzrichtlinie"}]},{"@type":"WebSite","@id":"https:\/\/www.casaluxemburg.ro\/de\/#website","url":"https:\/\/www.casaluxemburg.ro\/de\/","name":"Casa Luxemburg","description":"Hotel Sibiu","publisher":{"@id":"https:\/\/www.casaluxemburg.ro\/de\/#organization"},"potentialAction":[{"@type":"SearchAction","target":{"@type":"EntryPoint","urlTemplate":"https:\/\/www.casaluxemburg.ro\/de\/?s={search_term_string}"},"query-input":{"@type":"PropertyValueSpecification","valueRequired":true,"valueName":"search_term_string"}}],"inLanguage":"de"},{"@type":"Organization","@id":"https:\/\/www.casaluxemburg.ro\/de\/#organization","name":"Casa Luxemburg","url":"https:\/\/www.casaluxemburg.ro\/de\/","logo":{"@type":"ImageObject","inLanguage":"de","@id":"https:\/\/www.casaluxemburg.ro\/de\/#\/schema\/logo\/image\/","url":"https:\/\/www.casaluxemburg.ro\/wp-content\/uploads\/2022\/12\/casa-luxemburg-logo.png","contentUrl":"https:\/\/www.casaluxemburg.ro\/wp-content\/uploads\/2022\/12\/casa-luxemburg-logo.png","width":1579,"height":682,"caption":"Casa Luxemburg"},"image":{"@id":"https:\/\/www.casaluxemburg.ro\/de\/#\/schema\/logo\/image\/"},"sameAs":["https:\/\/www.facebook.com\/casaluxemburgsibiu","https:\/\/www.instagram.com\/casaluxemburghotel\/"]}]}},"_links":{"self":[{"href":"https:\/\/www.casaluxemburg.ro\/de\/wp-json\/wp\/v2\/pages\/2132","targetHints":{"allow":["GET"]}}],"collection":[{"href":"https:\/\/www.casaluxemburg.ro\/de\/wp-json\/wp\/v2\/pages"}],"about":[{"href":"https:\/\/www.casaluxemburg.ro\/de\/wp-json\/wp\/v2\/types\/page"}],"author":[{"embeddable":true,"href":"https:\/\/www.casaluxemburg.ro\/de\/wp-json\/wp\/v2\/users\/1"}],"replies":[{"embeddable":true,"href":"https:\/\/www.casaluxemburg.ro\/de\/wp-json\/wp\/v2\/comments?post=2132"}],"version-history":[{"count":2,"href":"https:\/\/www.casaluxemburg.ro\/de\/wp-json\/wp\/v2\/pages\/2132\/revisions"}],"predecessor-version":[{"id":2271,"href":"https:\/\/www.casaluxemburg.ro\/de\/wp-json\/wp\/v2\/pages\/2132\/revisions\/2271"}],"wp:attachment":[{"href":"https:\/\/www.casaluxemburg.ro\/de\/wp-json\/wp\/v2\/media?parent=2132"}],"curies":[{"name":"wp","href":"https:\/\/api.w.org\/{rel}","templated":true}]}}