{"id":2126,"date":"2024-08-12T08:38:38","date_gmt":"2024-08-12T05:38:38","guid":{"rendered":"https:\/\/www.casaluxemburg.ro\/termeni-si-conditii\/"},"modified":"2024-08-28T23:20:13","modified_gmt":"2024-08-28T20:20:13","slug":"termeni-si-conditii","status":"publish","type":"page","link":"https:\/\/www.casaluxemburg.ro\/ro\/termeni-si-conditii\/","title":{"rendered":"Termeni \u0219i Condi\u021bii"},"content":{"rendered":"<div class=\"fusion-fullwidth fullwidth-box fusion-builder-row-1 fusion-flex-container nonhundred-percent-fullwidth non-hundred-percent-height-scrolling\" style=\"--awb-border-radius-top-left:0px;--awb-border-radius-top-right:0px;--awb-border-radius-bottom-right:0px;--awb-border-radius-bottom-left:0px;--awb-flex-wrap:wrap;\" ><div class=\"fusion-builder-row fusion-row fusion-flex-align-items-flex-start fusion-flex-content-wrap\" style=\"max-width:1248px;margin-left: calc(-4% \/ 2 );margin-right: calc(-4% \/ 2 );\"><div class=\"fusion-layout-column fusion_builder_column fusion-builder-column-0 fusion_builder_column_1_1 1_1 fusion-flex-column\" style=\"--awb-bg-size:cover;--awb-width-large:100%;--awb-margin-top-large:0px;--awb-spacing-right-large:1.92%;--awb-margin-bottom-large:0px;--awb-spacing-left-large:1.92%;--awb-width-medium:100%;--awb-spacing-right-medium:1.92%;--awb-spacing-left-medium:1.92%;--awb-width-small:100%;--awb-spacing-right-small:1.92%;--awb-spacing-left-small:1.92%;\"><div class=\"fusion-column-wrapper fusion-flex-justify-content-flex-start fusion-content-layout-column\"><div class=\"fusion-text fusion-text-1 sm-text-align-center\"><h3 class=\"wp-block-heading\">Introducere<\/h3>\n<p>Bine a\u021bi venit la Casa Luxemburg, operat\u0103 de Kultours SRL. Prin accesarea site-ului nostru sau efectuarea unei rezerv\u0103ri, sunte\u021bi de acord s\u0103 respecta\u021bi urm\u0103torii termeni \u0219i condi\u021bii. V\u0103 rug\u0103m s\u0103 \u00eei citi\u021bi cu aten\u021bie.<\/p>\n<p><strong>Informa\u021bii generale<\/strong><\/p>\n<ul>\n<li><strong>Nume Companie:<\/strong> Kultours SRL<\/li>\n<li><strong>Nume Hotel:<\/strong> Casa Luxemburg<\/li>\n<li><strong>Loca\u021bie:<\/strong> Sibiu, Rom\u00e2nia<\/li>\n<\/ul>\n<h3 class=\"wp-block-heading\">Rezerv\u0103ri \u0219i \u00censcrieri<\/h3>\n<p><strong>1. Confirmarea Rezerv\u0103rii: <\/strong>O rezervare este confirmat\u0103 doar atunci c\u00e2nd un email de confirmare este trimis de Casa Luxemburg. P\u00e2n\u0103 atunci, toate solicit\u0103rile sunt considerate provizorii.<\/p>\n<p><strong>2. Plat\u0103: <\/strong>Accept\u0103m carduri de credit majore, transferuri bancare \u0219i pl\u0103\u021bi \u00een numerar. Un card de credit valid este necesar pentru a garanta o rezervare.<\/p>\n<p><strong>3. Politica de Anulare:<\/strong><\/p>\n<ul>\n<li>Anul\u0103rile efectuate cu mai mult de 14 zile \u00eenainte de data sosirii nu vor atrage nicio penalizare.<\/li>\n<li>Anul\u0103rile efectuate \u00een termen de 14 zile de la data sosirii vor fi taxate cu 100% din suma total\u0103 a rezerv\u0103rii.<\/li>\n<li>Neprezent\u0103rile \u0219i plec\u0103rile anticipate vor fi taxate cu 100% din suma total\u0103 a rezerv\u0103rii.<\/li>\n<li>Alte condi\u021bii pot fi aplicate, \u00een func\u021bie de rezervare. V\u0103 rug\u0103m s\u0103 consulta\u021bi confirmarea specific\u0103 a rezerv\u0103rii pentru informa\u021bii detaliate.<\/li>\n<\/ul>\n<h3 class=\"wp-block-heading\">Check-in \u0219i Check-out<\/h3>\n<p><strong>1. Ora de Check-in:<\/strong> 16:00<\/p>\n<p><strong>2. Ora de Check-out:<\/strong> 11:00<\/p>\n<p><strong>3. Check-out t\u00e2rziu\/Check-in devreme: <\/strong>Sub rezerva disponibilit\u0103\u021bii \u0219i pot implica costuri suplimentare.<\/p>\n<h3 class=\"wp-block-heading\">Cazare<\/h3>\n<p><strong>1. Capacitate camer\u0103:<\/strong> Fiecare camer\u0103 poate g\u0103zdui un num\u0103r maxim de oaspe\u021bi, a\u0219a cum este specificat \u00een detaliile rezerv\u0103rii. Oaspe\u021bii suplimentari nu sunt permi\u0219i dec\u00e2t cu confirmarea conducerii.<\/p>\n<p><strong>2. Politica pentru copii \u0219i paturi suplimentare: <\/strong>Copiii de toate v\u00e2rstele sunt bineveni\u021bi la Casa Luxemburg. Pentru a vedea informa\u021biile corecte despre pre\u021buri \u0219i capacitate, v\u0103 rug\u0103m s\u0103 ad\u0103uga\u021bi \u00een c\u0103utare num\u0103rul de copii \u0219i v\u00e2rstele acestora.<\/p>\n<p><strong>3. Politici pentru p\u0103tu\u021buri \u0219i paturi suplimentare:<\/strong><\/p>\n<ul>\n<li>Pentru copiii cu v\u00e2rsta cuprins\u0103 \u00eentre 0-2 ani se va achita 60 RON\/noapte\/copil pentru un p\u0103tu\u021b, disponibil la cerere.<\/li>\n<li>Pentru copiii cu v\u00e2rsta cuprins\u0103 \u00eentre 3-13 ani se va achita 100 RON\/noapte\/copil pentru un pat suplimentar, disponibil la cerere.<\/li>\n<li>Pentru copiii cu v\u00e2rsta de 14 ani \u0219i mai mari se va achita 150 RON\/noapte\/persoan\u0103 pentru un pat suplimentar, disponibil la cerere.<\/li>\n<li>Pre\u021bul pentru p\u0103tu\u021buri \u0219i paturi suplimentare nu este inclus \u00een pre\u021bul total al rezerv\u0103rii \u0219i trebuie achitat separat pe durata sejurului. Toate p\u0103tu\u021burile \u0219i paturile suplimentare sunt oferite \u00een func\u021bie de disponibilitate.<\/li>\n<\/ul>\n<p><strong>4. Animale de companie: <\/strong>Animalele de companie nu sunt permise pe proprietate.<\/p>\n<h3 class=\"wp-block-heading\">Responsabilit\u0103\u021bile Oaspe\u021bilor<\/h3>\n<p><strong>1. Daune: <\/strong>Oaspe\u021bii sunt responsabili pentru orice daune aduse propriet\u0103\u021bii cauzate de ei \u00een\u0219i\u0219i, de \u00eenso\u021bitorii lor sau de vizitatori. Costurile repara\u021biilor sau \u00eenlocuirilor vor fi suportate de c\u0103tre oaspete.<\/p>\n<p><strong>2. Conduit\u0103: <\/strong>Oaspe\u021bii sunt a\u0219tepta\u021bi s\u0103 se comporte \u00eentr-o manier\u0103 respectuoas\u0103 \u0219i s\u0103 nu deranjeze al\u021bi oaspe\u021bi. Conducerea \u00ee\u0219i rezerv\u0103 dreptul de a refuza serviciile sau de a \u00eencheia sejurul f\u0103r\u0103 rambursare dac\u0103 oaspe\u021bii se comport\u0103 inadecvat.<\/p>\n<h3 class=\"wp-block-heading\">R\u0103spundere<\/h3>\n<p><strong>1. Bunuri personale:<\/strong> Casa Luxemburg nu este responsabil\u0103 pentru pierderea sau deteriorarea bunurilor personale ale oaspe\u021bilor.<\/p>\n<p><strong>2. Siguran\u021b\u0103 \u0219i Securitate:<\/strong> Oaspe\u021bii sunt sf\u0103tui\u021bi s\u0103 \u00ee\u0219i \u00eencuiere camerele \u0219i s\u0103 \u00ee\u0219i securizeze obiectele de valoare. Nu accept\u0103m responsabilitatea pentru eventualele v\u0103t\u0103m\u0103ri, pierderi sau daune care pot ap\u0103rea pe proprietate.<\/p>\n<h3 class=\"wp-block-heading\">Politica de Confiden\u021bialitate<\/h3>\n<p>Respect\u0103m confiden\u021bialitatea oaspe\u021bilor no\u0219tri. Informa\u021biile personale colectate \u00een timpul procesului de rezervare vor fi utilizate exclusiv pentru gestionarea rezerv\u0103rilor \u0219i furnizarea serviciilor. Nu \u00eemp\u0103rt\u0103\u0219im informa\u021biile personale cu ter\u021be p\u0103r\u021bi f\u0103r\u0103 consim\u021b\u0103m\u00e2nt.<\/p>\n<h3 class=\"wp-block-heading\">For\u021b\u0103 Major\u0103<\/h3>\n<p>Casa Luxemburg \u0219i Kultours SRL nu pot fi trase la r\u0103spundere pentru ne\u00eendeplinirea obliga\u021biilor lor \u00een cazul \u00een care aceast\u0103 ne\u00eendeplinire este cauzat\u0103 de circumstan\u021be care nu se afl\u0103 sub controlul lor, inclusiv, dar f\u0103r\u0103 a se limita la dezastre naturale, r\u0103zboi, greve sau restric\u021bii guvernamentale.<\/p>\n<h3 class=\"wp-block-heading\">Modific\u0103ri ale Termenilor \u0219i Condi\u021biilor<\/h3>\n<p>Casa Luxemburg \u00ee\u0219i rezerv\u0103 dreptul de a modifica ace\u0219ti termeni \u0219i condi\u021bii \u00een orice moment. Modific\u0103rile vor intra \u00een vigoare imediat dup\u0103 publicarea lor pe site-ul nostru.<\/p>\n<h3 class=\"wp-block-heading\">Legisla\u021bie Aplicabil\u0103<\/h3>\n<p>Ace\u0219ti termeni \u0219i condi\u021bii sunt guverna\u021bi de legile din Rom\u00e2nia. Orice dispute care apar sub sau \u00een leg\u0103tur\u0103 cu ace\u0219ti termeni vor fi supuse jurisdic\u021biei instan\u021belor din Sibiu, Rom\u00e2nia.<\/p>\n<h3 class=\"wp-block-heading\">Informa\u021bii de Contact<\/h3>\n<p>Pentru orice \u00eentreb\u0103ri sau nel\u0103muriri referitoare la ace\u0219ti termeni \u0219i condi\u021bii, v\u0103 rug\u0103m s\u0103 ne contacta\u021bi la:<\/p>\n<ul>\n<li><strong>Email:<\/strong> office@casaluxemburg.ro<\/li>\n<li><strong>Telefon:<\/strong> +40 729 887 478<\/li>\n<\/ul>\n<\/div><\/div><\/div><\/div><\/div>","protected":false},"excerpt":{"rendered":"","protected":false},"author":1,"featured_media":0,"parent":0,"menu_order":0,"comment_status":"closed","ping_status":"closed","template":"","meta":{"footnotes":""},"class_list":["post-2126","page","type-page","status-publish","hentry"],"yoast_head":"<!-- This site is optimized with the Yoast SEO plugin v27.3 - https:\/\/yoast.com\/product\/yoast-seo-wordpress\/ -->\n<title>Termeni \u0219i Condi\u021bii - Casa Luxemburg<\/title>\n<meta name=\"description\" content=\"La Casa Luxemburg v\u0103 pute\u021bi bucura de un somn minunat \u00eentr-o camer\u0103 mare \u0219i spa\u021bioas\u0103, cu vederi panoramice minunate ale centrului ora\u0219ului Sibiu.\" \/>\n<meta name=\"robots\" content=\"index, follow, max-snippet:-1, max-image-preview:large, max-video-preview:-1\" \/>\n<link rel=\"canonical\" href=\"https:\/\/www.casaluxemburg.ro\/ro\/termeni-si-conditii\/\" \/>\n<meta property=\"og:locale\" content=\"ro_RO\" \/>\n<meta property=\"og:type\" content=\"article\" \/>\n<meta property=\"og:title\" content=\"Termeni \u0219i Condi\u021bii - Casa Luxemburg\" \/>\n<meta property=\"og:description\" content=\"Fiecare camer\u0103 are un stil aparte \u0219i pute\u021bi alege s\u0103 sta\u021bi \u00een oricare dintre ele, bucur\u00e2ndu-v\u0103 de priveli\u0219ti pitore\u0219ti ale Podului Minciunilor, ale Catedralei Evanghelice sau ale Turnului Sfatului.\" \/>\n<meta property=\"og:url\" content=\"https:\/\/www.casaluxemburg.ro\/ro\/termeni-si-conditii\/\" \/>\n<meta property=\"og:site_name\" content=\"Casa Luxemburg\" \/>\n<meta property=\"article:publisher\" content=\"https:\/\/www.facebook.com\/casaluxemburgsibiu\" \/>\n<meta property=\"article:modified_time\" content=\"2024-08-28T20:20:13+00:00\" \/>\n<meta property=\"og:image\" content=\"https:\/\/www.casaluxemburg.ro\/wp-content\/uploads\/2024\/07\/apartament-centru-sibiu-5-1024x683.jpg\" \/>\n<meta name=\"twitter:card\" content=\"summary_large_image\" \/>\n<meta name=\"twitter:title\" content=\"Termeni \u0219i Condi\u021bii - Casa Luxemburg\" \/>\n<meta name=\"twitter:description\" content=\"Fiecare camer\u0103 are un stil aparte \u0219i pute\u021bi alege s\u0103 sta\u021bi \u00een oricare dintre ele, bucur\u00e2ndu-v\u0103 de priveli\u0219ti pitore\u0219ti ale Podului Minciunilor, ale Catedralei Evanghelice sau ale Turnului Sfatului.\" \/>\n<meta name=\"twitter:image\" content=\"https:\/\/www.casaluxemburg.ro\/wp-content\/uploads\/2024\/07\/apartament-centru-sibiu-5-1024x683.jpg\" \/>\n<meta name=\"twitter:label1\" content=\"Timp estimat pentru citire\" \/>\n\t<meta name=\"twitter:data1\" content=\"3 minute\" \/>\n<script type=\"application\/ld+json\" class=\"yoast-schema-graph\">{\"@context\":\"https:\\\/\\\/schema.org\",\"@graph\":[{\"@type\":\"WebPage\",\"@id\":\"https:\\\/\\\/www.casaluxemburg.ro\\\/ro\\\/termeni-si-conditii\\\/\",\"url\":\"https:\\\/\\\/www.casaluxemburg.ro\\\/ro\\\/termeni-si-conditii\\\/\",\"name\":\"Termeni \u0219i Condi\u021bii - Casa Luxemburg\",\"isPartOf\":{\"@id\":\"https:\\\/\\\/www.casaluxemburg.ro\\\/ro\\\/#website\"},\"datePublished\":\"2024-08-12T05:38:38+00:00\",\"dateModified\":\"2024-08-28T20:20:13+00:00\",\"description\":\"La Casa Luxemburg v\u0103 pute\u021bi bucura de un somn minunat \u00eentr-o camer\u0103 mare \u0219i spa\u021bioas\u0103, cu vederi panoramice minunate ale centrului ora\u0219ului Sibiu.\",\"breadcrumb\":{\"@id\":\"https:\\\/\\\/www.casaluxemburg.ro\\\/ro\\\/termeni-si-conditii\\\/#breadcrumb\"},\"inLanguage\":\"ro-RO\",\"potentialAction\":[{\"@type\":\"ReadAction\",\"target\":[\"https:\\\/\\\/www.casaluxemburg.ro\\\/ro\\\/termeni-si-conditii\\\/\"]}]},{\"@type\":\"BreadcrumbList\",\"@id\":\"https:\\\/\\\/www.casaluxemburg.ro\\\/ro\\\/termeni-si-conditii\\\/#breadcrumb\",\"itemListElement\":[{\"@type\":\"ListItem\",\"position\":1,\"name\":\"Prima pagin\u0103\",\"item\":\"https:\\\/\\\/www.casaluxemburg.ro\\\/ro\\\/\"},{\"@type\":\"ListItem\",\"position\":2,\"name\":\"Termeni \u0219i Condi\u021bii\"}]},{\"@type\":\"WebSite\",\"@id\":\"https:\\\/\\\/www.casaluxemburg.ro\\\/ro\\\/#website\",\"url\":\"https:\\\/\\\/www.casaluxemburg.ro\\\/ro\\\/\",\"name\":\"Casa Luxemburg\",\"description\":\"Hotel Sibiu\",\"publisher\":{\"@id\":\"https:\\\/\\\/www.casaluxemburg.ro\\\/ro\\\/#organization\"},\"potentialAction\":[{\"@type\":\"SearchAction\",\"target\":{\"@type\":\"EntryPoint\",\"urlTemplate\":\"https:\\\/\\\/www.casaluxemburg.ro\\\/ro\\\/?s={search_term_string}\"},\"query-input\":{\"@type\":\"PropertyValueSpecification\",\"valueRequired\":true,\"valueName\":\"search_term_string\"}}],\"inLanguage\":\"ro-RO\"},{\"@type\":\"Organization\",\"@id\":\"https:\\\/\\\/www.casaluxemburg.ro\\\/ro\\\/#organization\",\"name\":\"Casa Luxemburg\",\"url\":\"https:\\\/\\\/www.casaluxemburg.ro\\\/ro\\\/\",\"logo\":{\"@type\":\"ImageObject\",\"inLanguage\":\"ro-RO\",\"@id\":\"https:\\\/\\\/www.casaluxemburg.ro\\\/ro\\\/#\\\/schema\\\/logo\\\/image\\\/\",\"url\":\"https:\\\/\\\/www.casaluxemburg.ro\\\/wp-content\\\/uploads\\\/2022\\\/12\\\/casa-luxemburg-logo.png\",\"contentUrl\":\"https:\\\/\\\/www.casaluxemburg.ro\\\/wp-content\\\/uploads\\\/2022\\\/12\\\/casa-luxemburg-logo.png\",\"width\":1579,\"height\":682,\"caption\":\"Casa Luxemburg\"},\"image\":{\"@id\":\"https:\\\/\\\/www.casaluxemburg.ro\\\/ro\\\/#\\\/schema\\\/logo\\\/image\\\/\"},\"sameAs\":[\"https:\\\/\\\/www.facebook.com\\\/casaluxemburgsibiu\",\"https:\\\/\\\/www.instagram.com\\\/casaluxemburghotel\\\/\"]}]}<\/script>\n<!-- \/ Yoast SEO plugin. -->","yoast_head_json":{"title":"Termeni \u0219i Condi\u021bii - Casa Luxemburg","description":"La Casa Luxemburg v\u0103 pute\u021bi bucura de un somn minunat \u00eentr-o camer\u0103 mare \u0219i spa\u021bioas\u0103, cu vederi panoramice minunate ale centrului ora\u0219ului Sibiu.","robots":{"index":"index","follow":"follow","max-snippet":"max-snippet:-1","max-image-preview":"max-image-preview:large","max-video-preview":"max-video-preview:-1"},"canonical":"https:\/\/www.casaluxemburg.ro\/ro\/termeni-si-conditii\/","og_locale":"ro_RO","og_type":"article","og_title":"Termeni \u0219i Condi\u021bii - Casa Luxemburg","og_description":"Fiecare camer\u0103 are un stil aparte \u0219i pute\u021bi alege s\u0103 sta\u021bi \u00een oricare dintre ele, bucur\u00e2ndu-v\u0103 de priveli\u0219ti pitore\u0219ti ale Podului Minciunilor, ale Catedralei Evanghelice sau ale Turnului Sfatului.","og_url":"https:\/\/www.casaluxemburg.ro\/ro\/termeni-si-conditii\/","og_site_name":"Casa Luxemburg","article_publisher":"https:\/\/www.facebook.com\/casaluxemburgsibiu","article_modified_time":"2024-08-28T20:20:13+00:00","og_image":[{"url":"https:\/\/www.casaluxemburg.ro\/wp-content\/uploads\/2024\/07\/apartament-centru-sibiu-5-1024x683.jpg","type":"","width":"","height":""}],"twitter_card":"summary_large_image","twitter_title":"Termeni \u0219i Condi\u021bii - Casa Luxemburg","twitter_description":"Fiecare camer\u0103 are un stil aparte \u0219i pute\u021bi alege s\u0103 sta\u021bi \u00een oricare dintre ele, bucur\u00e2ndu-v\u0103 de priveli\u0219ti pitore\u0219ti ale Podului Minciunilor, ale Catedralei Evanghelice sau ale Turnului Sfatului.","twitter_image":"https:\/\/www.casaluxemburg.ro\/wp-content\/uploads\/2024\/07\/apartament-centru-sibiu-5-1024x683.jpg","twitter_misc":{"Timp estimat pentru citire":"3 minute"},"schema":{"@context":"https:\/\/schema.org","@graph":[{"@type":"WebPage","@id":"https:\/\/www.casaluxemburg.ro\/ro\/termeni-si-conditii\/","url":"https:\/\/www.casaluxemburg.ro\/ro\/termeni-si-conditii\/","name":"Termeni \u0219i Condi\u021bii - Casa Luxemburg","isPartOf":{"@id":"https:\/\/www.casaluxemburg.ro\/ro\/#website"},"datePublished":"2024-08-12T05:38:38+00:00","dateModified":"2024-08-28T20:20:13+00:00","description":"La Casa Luxemburg v\u0103 pute\u021bi bucura de un somn minunat \u00eentr-o camer\u0103 mare \u0219i spa\u021bioas\u0103, cu vederi panoramice minunate ale centrului ora\u0219ului Sibiu.","breadcrumb":{"@id":"https:\/\/www.casaluxemburg.ro\/ro\/termeni-si-conditii\/#breadcrumb"},"inLanguage":"ro-RO","potentialAction":[{"@type":"ReadAction","target":["https:\/\/www.casaluxemburg.ro\/ro\/termeni-si-conditii\/"]}]},{"@type":"BreadcrumbList","@id":"https:\/\/www.casaluxemburg.ro\/ro\/termeni-si-conditii\/#breadcrumb","itemListElement":[{"@type":"ListItem","position":1,"name":"Prima pagin\u0103","item":"https:\/\/www.casaluxemburg.ro\/ro\/"},{"@type":"ListItem","position":2,"name":"Termeni \u0219i Condi\u021bii"}]},{"@type":"WebSite","@id":"https:\/\/www.casaluxemburg.ro\/ro\/#website","url":"https:\/\/www.casaluxemburg.ro\/ro\/","name":"Casa Luxemburg","description":"Hotel Sibiu","publisher":{"@id":"https:\/\/www.casaluxemburg.ro\/ro\/#organization"},"potentialAction":[{"@type":"SearchAction","target":{"@type":"EntryPoint","urlTemplate":"https:\/\/www.casaluxemburg.ro\/ro\/?s={search_term_string}"},"query-input":{"@type":"PropertyValueSpecification","valueRequired":true,"valueName":"search_term_string"}}],"inLanguage":"ro-RO"},{"@type":"Organization","@id":"https:\/\/www.casaluxemburg.ro\/ro\/#organization","name":"Casa Luxemburg","url":"https:\/\/www.casaluxemburg.ro\/ro\/","logo":{"@type":"ImageObject","inLanguage":"ro-RO","@id":"https:\/\/www.casaluxemburg.ro\/ro\/#\/schema\/logo\/image\/","url":"https:\/\/www.casaluxemburg.ro\/wp-content\/uploads\/2022\/12\/casa-luxemburg-logo.png","contentUrl":"https:\/\/www.casaluxemburg.ro\/wp-content\/uploads\/2022\/12\/casa-luxemburg-logo.png","width":1579,"height":682,"caption":"Casa Luxemburg"},"image":{"@id":"https:\/\/www.casaluxemburg.ro\/ro\/#\/schema\/logo\/image\/"},"sameAs":["https:\/\/www.facebook.com\/casaluxemburgsibiu","https:\/\/www.instagram.com\/casaluxemburghotel\/"]}]}},"_links":{"self":[{"href":"https:\/\/www.casaluxemburg.ro\/ro\/wp-json\/wp\/v2\/pages\/2126","targetHints":{"allow":["GET"]}}],"collection":[{"href":"https:\/\/www.casaluxemburg.ro\/ro\/wp-json\/wp\/v2\/pages"}],"about":[{"href":"https:\/\/www.casaluxemburg.ro\/ro\/wp-json\/wp\/v2\/types\/page"}],"author":[{"embeddable":true,"href":"https:\/\/www.casaluxemburg.ro\/ro\/wp-json\/wp\/v2\/users\/1"}],"replies":[{"embeddable":true,"href":"https:\/\/www.casaluxemburg.ro\/ro\/wp-json\/wp\/v2\/comments?post=2126"}],"version-history":[{"count":2,"href":"https:\/\/www.casaluxemburg.ro\/ro\/wp-json\/wp\/v2\/pages\/2126\/revisions"}],"predecessor-version":[{"id":2273,"href":"https:\/\/www.casaluxemburg.ro\/ro\/wp-json\/wp\/v2\/pages\/2126\/revisions\/2273"}],"wp:attachment":[{"href":"https:\/\/www.casaluxemburg.ro\/ro\/wp-json\/wp\/v2\/media?parent=2126"}],"curies":[{"name":"wp","href":"https:\/\/api.w.org\/{rel}","templated":true}]}}